{"id":87,"date":"2024-02-15T15:24:02","date_gmt":"2024-02-15T14:24:02","guid":{"rendered":"https:\/\/matematickyklokan.upol.cz\/?page_id=87"},"modified":"2025-06-03T19:26:03","modified_gmt":"2025-06-03T17:26:03","slug":"vysledky-2023-2","status":"publish","type":"page","link":"https:\/\/matematickyklokan.upol.cz\/?page_id=87","title":{"rendered":"V\u00fdsledky 2025"},"content":{"rendered":"<p><a href=\"https:\/\/matematickyklokan.upol.cz\/wp-content\/uploads\/2025\/06\/vysledky2025.pdf\" target=\"_blank\" rel=\"noopener\"><img loading=\"lazy\" decoding=\"async\" class=\" wp-image-232 aligncenter\" src=\"https:\/\/matematickyklokan.upol.cz\/wp-content\/uploads\/2024\/02\/vitez.jpg\" alt=\"\" width=\"172\" height=\"137\" \/><\/a><\/p>\n<p style=\"text-align: center;\"><a href=\"https:\/\/matematickyklokan.upol.cz\/wp-content\/uploads\/2025\/06\/vysledky2025.pdf\" target=\"_blank\" rel=\"noopener\">V\u00fdsledky nej\u00fasp\u011b\u0161n\u011bj\u0161\u00edch \u0159e\u0161itel\u016f v jednotliv\u00fdch kategori\u00edch<\/a><\/p>\n<p>&nbsp;<\/p>\n<p>&nbsp;<\/p>\n<p class=\"has-small-font-size\"><strong>Stanovisko M\u0160MT k GDPR u sout\u011b\u017e\u00ed a p\u0159ehl\u00eddek<\/strong><\/p>\n<p class=\"has-small-font-size\" style=\"text-align: justify;\">M\u0160MT vyhla\u0161uje a financuje sout\u011b\u017ee a p\u0159ehl\u00eddky celost\u00e1tn\u00edho charakteru podle \u00a7 3 odst. 1 a 2 a podle \u00a7 4 vyhl\u00e1\u0161ky \u010d. 55\/2005 Sb., o podm\u00ednk\u00e1ch organizace a financov\u00e1n\u00ed sout\u011b\u017e\u00ed a p\u0159ehl\u00eddek v z\u00e1jmov\u00e9m vzd\u011bl\u00e1v\u00e1n\u00ed. Financov\u00e1n\u00ed t\u011bchto sout\u011b\u017e\u00ed a p\u0159ehl\u00eddek je realizov\u00e1no podle z\u00e1kona \u010d. 218\/2000 Sb., o rozpo\u010dtov\u00fdch pravidlech a o zm\u011bn\u011b n\u011bkter\u00fdch souvisej\u00edc\u00edch z\u00e1kon\u016f, ve zn\u011bn\u00ed pozd\u011bj\u0161\u00edch p\u0159edpis\u016f.<br \/>\nV r\u00e1mci organizov\u00e1n\u00ed sout\u011b\u017e\u00ed a p\u0159ehl\u00eddek je nezbytn\u00e9 zpracov\u00e1vat a poskytovat M\u0160MT n\u011bkter\u00e9 osobn\u00ed \u00fadaje o sout\u011b\u017e\u00edc\u00edch v rozsahu jm\u00e9no, p\u0159\u00edjmen\u00ed, datum narozen\u00ed a \u0161kola, kterou sout\u011b\u017e\u00edc\u00ed nav\u0161t\u011bvuje. P\u0159edm\u011btn\u00e9 osobn\u00ed \u00fadaje o sout\u011b\u017e\u00edc\u00edch ve stanoven\u00e9m rozsahu organiz\u00e1to\u0159i sd\u011bluj\u00ed M\u0160MT. N\u00e1sledn\u011b M\u0160MT na sv\u00fdch webov\u00fdch str\u00e1nk\u00e1ch tyto \u00fadaje o \u00fa\u010dastn\u00edc\u00edch zve\u0159ej\u0148uje.<br \/>\nV r\u00e1mci po\u0159\u00e1d\u00e1n\u00ed sout\u011b\u017e\u00ed a p\u0159ehl\u00eddek doch\u00e1z\u00ed ke zpracov\u00e1n\u00ed osobn\u00edch \u00fadaj\u016f podle obecn\u00e9ho na\u0159\u00edzen\u00ed o ochran\u011b osobn\u00edch \u00fadaj\u016f \u010d. 2016\/679, p\u0159i\u010dem\u017e zpracov\u00e1n\u00ed je co do \u00fa\u010delu a rozsahu (p\u0159i zohledn\u011bn\u00ed \u010dl\u00e1nku 5 obecn\u00e9ho na\u0159\u00edzen\u00ed) mo\u017eno ozna\u010dit za z\u00e1konn\u00e9 zpracov\u00e1n\u00ed osobn\u00edch \u00fadaj\u016f podle \u010dl\u00e1nku 6 obecn\u00e9ho na\u0159\u00edzen\u00ed z d\u016fvod\u016f:<br \/>\n&#8211; pln\u011bn\u00ed pr\u00e1vn\u00ed povinnosti, kter\u00e1 se na spr\u00e1vce vztahuje, a \/ nebo<br \/>\n&#8211; pln\u011bn\u00ed \u00fakolu prov\u00e1d\u011bn\u00e9ho ve ve\u0159ejn\u00e9m z\u00e1jmu nebo p\u0159i v\u00fdkonu ve\u0159ejn\u00e9 moci, kter\u00fdm je spr\u00e1vce pov\u011b\u0159en.<br \/>\nSpr\u00e1vcem osobn\u00edch \u00fadaj\u016f jsou v tomto p\u0159\u00edpad\u011b organiz\u00e1to\u0159i sout\u011b\u017e\u00ed a p\u0159ehl\u00eddek (p\u0159\u00edp. organiz\u00e1to\u0159i jednotliv\u00fdch kol) a M\u0160MT, p\u0159i\u010dem\u017e organiz\u00e1tor sout\u011b\u017ee je spr\u00e1vcem osobn\u00edch \u00fadaj\u016f v\u0161ech sout\u011b\u017e\u00edc\u00edch (organiz\u00e1tor kola je spr\u00e1vcem osobn\u00edch \u00fadaj\u016f sout\u011b\u017e\u00edc\u00edch z\u00fa\u010dastn\u011bn\u00fdch v dan\u00e9m kole) a M\u0160MT je spr\u00e1vcem poskytnut\u00fdch osobn\u00edch \u00fadaj\u016f sout\u011b\u017e\u00edc\u00edch.<\/p>\n","protected":false},"excerpt":{"rendered":"<p>V\u00fdsledky nej\u00fasp\u011b\u0161n\u011bj\u0161\u00edch \u0159e\u0161itel\u016f v jednotliv\u00fdch kategori\u00edch &nbsp; &nbsp; Stanovisko M\u0160MT k GDPR u sout\u011b\u017e\u00ed a p\u0159ehl\u00eddek M\u0160MT vyhla\u0161uje a financuje sout\u011b\u017ee a p\u0159ehl\u00eddky celost\u00e1tn\u00edho charakteru podle \u00a7 3 odst. 1 a 2 a podle \u00a7 4 vyhl\u00e1\u0161ky \u010d. 55\/2005 Sb., o podm\u00ednk\u00e1ch organizace a financov\u00e1n\u00ed sout\u011b\u017e\u00ed a p\u0159ehl\u00eddek v z\u00e1jmov\u00e9m vzd\u011bl\u00e1v\u00e1n\u00ed. Financov\u00e1n\u00ed t\u011bchto sout\u011b\u017e\u00ed a <a class=\"more-link\" href=\"https:\/\/matematickyklokan.upol.cz\/?page_id=87\">\u010c\u00edst v\u00edce&#8230;<\/a><\/p>\n","protected":false},"author":1,"featured_media":0,"parent":0,"menu_order":0,"comment_status":"closed","ping_status":"closed","template":"","meta":{"footnotes":""},"class_list":["post-87","page","type-page","status-publish","hentry"],"_links":{"self":[{"href":"https:\/\/matematickyklokan.upol.cz\/index.php?rest_route=\/wp\/v2\/pages\/87","targetHints":{"allow":["GET"]}}],"collection":[{"href":"https:\/\/matematickyklokan.upol.cz\/index.php?rest_route=\/wp\/v2\/pages"}],"about":[{"href":"https:\/\/matematickyklokan.upol.cz\/index.php?rest_route=\/wp\/v2\/types\/page"}],"author":[{"embeddable":true,"href":"https:\/\/matematickyklokan.upol.cz\/index.php?rest_route=\/wp\/v2\/users\/1"}],"replies":[{"embeddable":true,"href":"https:\/\/matematickyklokan.upol.cz\/index.php?rest_route=%2Fwp%2Fv2%2Fcomments&post=87"}],"version-history":[{"count":16,"href":"https:\/\/matematickyklokan.upol.cz\/index.php?rest_route=\/wp\/v2\/pages\/87\/revisions"}],"predecessor-version":[{"id":892,"href":"https:\/\/matematickyklokan.upol.cz\/index.php?rest_route=\/wp\/v2\/pages\/87\/revisions\/892"}],"wp:attachment":[{"href":"https:\/\/matematickyklokan.upol.cz\/index.php?rest_route=%2Fwp%2Fv2%2Fmedia&parent=87"}],"curies":[{"name":"wp","href":"https:\/\/api.w.org\/{rel}","templated":true}]}}