{"id":74,"date":"2024-02-15T12:37:21","date_gmt":"2024-02-15T11:37:21","guid":{"rendered":"https:\/\/matematickyklokan.upol.cz\/?page_id=74"},"modified":"2025-03-04T20:28:48","modified_gmt":"2025-03-04T19:28:48","slug":"kontakty","status":"publish","type":"page","link":"https:\/\/matematickyklokan.upol.cz\/?page_id=74","title":{"rendered":"Kontakty"},"content":{"rendered":"<p><span style=\"font-size: 11pt;\">Kontakty na \u010dleny organiza\u010dn\u00edho v\u00fdboru sout\u011b\u017ee: <strong><a href=\"https:\/\/matematickyklokan.upol.cz\/?page_id=35\">O sout\u011b\u017ei \/ Organiza\u010dn\u00ed v\u00fdbor sout\u011b\u017ee<\/a><\/strong><\/span><\/p>\n<p><span style=\"font-size: 11pt;\">Kontakty na garanty jednotliv\u00fdch kategori\u00ed: <strong><a href=\"https:\/\/matematickyklokan.upol.cz\/?page_id=31\">O sout\u011b\u017ei \/ Kategorie a garanti<\/a><\/strong><\/span><\/p>\n<p><span style=\"font-size: 11pt;\">Kontakty na krajsk\u00e9 d\u016fv\u011brn\u00edky sout\u011b\u017ee: <strong><a href=\"https:\/\/matematickyklokan.upol.cz\/?page_id=33\">O sout\u011b\u017ei \/ Seznam krajsk\u00fdch d\u016fv\u011brn\u00edk\u016f<\/a><\/strong><\/span><\/p>\n<table style=\"border-collapse: collapse; width: 100%; height: 110px;\">\n<tbody>\n<tr style=\"height: 66px;\">\n<td style=\"width: 40%; height: 66px;\"><span style=\"font-size: 11pt;\">Kontakt na sekretari\u00e1t sout\u011b\u017ee:<\/span><\/td>\n<td style=\"height: 66px;\"><strong><span style=\"font-size: 11pt;\">Silvie Zatloukalov\u00e1<\/span><\/strong><br \/>\n<a href=\"mailto:silvie.zatloukalova@upol.cz\"><span style=\"font-size: 11pt;\">silvie.zatloukalova@upol.cz<\/span><\/a><br \/>\n<span style=\"font-size: 11pt;\">tel.: 58 563 4651<\/span><\/td>\n<\/tr>\n<tr style=\"height: 44px;\">\n<td style=\"width: 40%; height: 44px;\"><span style=\"font-size: 11pt;\">Kontakt na administr\u00e1tora:<\/span><\/td>\n<td style=\"height: 44px;\"><strong><span style=\"font-size: 11pt;\">David Nocar<\/span><\/strong><br \/>\n<a href=\"mailto:david.nocar@upol.cz\"><span style=\"font-size: 11pt;\">david.nocar@upol.cz<\/span><\/a><\/td>\n<\/tr>\n<\/tbody>\n<\/table>\n<p><center><br \/>\n<span style=\"font-size: 8pt;\">po\u010det n\u00e1v\u0161t\u011bv od 1.3.2024<\/span><br \/>\n<a href=\"https:\/\/www.toplist.cz\/stat\/1835585\/\" target=\"_blank\"><script language=\"JavaScript\" type=\"text\/javascript\" charset=\"utf-8\">\n<!--\ndocument.write('<img loading=\"lazy\" decoding=\"async\" src=\"https:\/\/toplist.cz\/count.asp?id=1835585&logo=mc&http='+ encodeURIComponent(document.referrer)+'&t='+encodeURIComponent(document.title)+'&l='+encodeURIComponent(document.URL)+ '&wi='+encodeURIComponent(window.screen.width)+'&he='+encodeURIComponent(window.screen.height)+'&cd='+ encodeURIComponent(window.screen.colorDepth)+'\" width=\"88\" height=\"60\" border=0 alt=\"TOPlist\" \/>');\n\/\/--><\/script><noscript><img loading=\"lazy\" decoding=\"async\" src=\"https:\/\/toplist.cz\/count.asp?id=1835585&#038;logo=mc&#038;njs=1\" border=\"0\" alt=\"TOPlist\" width=\"88\" height=\"60\" \/><\/noscript><\/a><\/center><\/p>\n","protected":false},"excerpt":{"rendered":"<p>Kontakty na \u010dleny organiza\u010dn\u00edho v\u00fdboru sout\u011b\u017ee: O sout\u011b\u017ei \/ Organiza\u010dn\u00ed v\u00fdbor sout\u011b\u017ee Kontakty na garanty jednotliv\u00fdch kategori\u00ed: O sout\u011b\u017ei \/ Kategorie a garanti Kontakty na krajsk\u00e9 d\u016fv\u011brn\u00edky sout\u011b\u017ee: O sout\u011b\u017ei \/ Seznam krajsk\u00fdch d\u016fv\u011brn\u00edk\u016f Kontakt na sekretari\u00e1t sout\u011b\u017ee: Silvie Zatloukalov\u00e1 silvie.zatloukalova@upol.cz tel.: 58 563 4651 Kontakt na administr\u00e1tora: David Nocar david.nocar@upol.cz po\u010det n\u00e1v\u0161t\u011bv od 1.3.2024<\/p>\n","protected":false},"author":1,"featured_media":0,"parent":0,"menu_order":0,"comment_status":"closed","ping_status":"closed","template":"","meta":{"footnotes":""},"class_list":["post-74","page","type-page","status-publish","hentry"],"_links":{"self":[{"href":"https:\/\/matematickyklokan.upol.cz\/index.php?rest_route=\/wp\/v2\/pages\/74","targetHints":{"allow":["GET"]}}],"collection":[{"href":"https:\/\/matematickyklokan.upol.cz\/index.php?rest_route=\/wp\/v2\/pages"}],"about":[{"href":"https:\/\/matematickyklokan.upol.cz\/index.php?rest_route=\/wp\/v2\/types\/page"}],"author":[{"embeddable":true,"href":"https:\/\/matematickyklokan.upol.cz\/index.php?rest_route=\/wp\/v2\/users\/1"}],"replies":[{"embeddable":true,"href":"https:\/\/matematickyklokan.upol.cz\/index.php?rest_route=%2Fwp%2Fv2%2Fcomments&post=74"}],"version-history":[{"count":17,"href":"https:\/\/matematickyklokan.upol.cz\/index.php?rest_route=\/wp\/v2\/pages\/74\/revisions"}],"predecessor-version":[{"id":757,"href":"https:\/\/matematickyklokan.upol.cz\/index.php?rest_route=\/wp\/v2\/pages\/74\/revisions\/757"}],"wp:attachment":[{"href":"https:\/\/matematickyklokan.upol.cz\/index.php?rest_route=%2Fwp%2Fv2%2Fmedia&parent=74"}],"curies":[{"name":"wp","href":"https:\/\/api.w.org\/{rel}","templated":true}]}}