{"id":56,"date":"2024-02-15T12:36:22","date_gmt":"2024-02-15T11:36:22","guid":{"rendered":"https:\/\/matematickyklokan.upol.cz\/?page_id=56"},"modified":"2025-03-04T20:54:07","modified_gmt":"2025-03-04T19:54:07","slug":"klokani-v-jesenikach","status":"publish","type":"page","link":"https:\/\/matematickyklokan.upol.cz\/?page_id=56","title":{"rendered":"Klokani v Jesen\u00edk\u00e1ch"},"content":{"rendered":"<p style=\"text-align: justify;\"><span style=\"font-size: 11pt;\">&#8222;Klokani v Jesen\u00edk\u00e1ch&#8220; je \u010dty\u0159denn\u00ed workshop po\u0159\u00e1dan\u00fd zpravidla v polovin\u011b ledna v Jesen\u00edk\u00e1ch, kde z\u00e1stupci organiz\u00e1tor\u016f (tj. v\u00fdboru MK, u\u010ditel\u016f Z\u0160, S\u0160 i V\u0160 pop\u0159. d\u016fv\u011brn\u00edk\u016f) p\u0159ipravuj\u00ed fin\u00e1ln\u00ed verzi zad\u00e1n\u00ed Matematick\u00e9ho klokana pro nadch\u00e1zej\u00edc\u00ed ro\u010dn\u00edk sout\u011b\u017ee v \u010desk\u00e9m jazyce. D\u016fraz je kladen na spr\u00e1vnou formulaci jak z pohledu matematick\u00e9ho a lingvistick\u00e9ho, tak z pohledu porozum\u011bn\u00ed \u00faloze vzhledem k v\u011bku \u0159e\u0161itele. V\u0161echny \u00falohy se znovu p\u0159epo\u010d\u00edt\u00e1vaj\u00ed a kontroluje se i vhodnost distraktor\u016f. Z ofici\u00e1ln\u00ed mezin\u00e1rodn\u00ed sady t\u0159iceti \u00faloh je vybr\u00e1na sestava 24 \u00faloh (u kategorie Cvr\u010dek se vyb\u00edr\u00e1 sestava 18 z 24 \u00faloh).<\/span><\/p>\n<p>&nbsp;<\/p>\n<p>&nbsp;<\/p>\n<p>&nbsp;<\/p>\n<p>&nbsp;<\/p>\n","protected":false},"excerpt":{"rendered":"<p>&#8222;Klokani v Jesen\u00edk\u00e1ch&#8220; je \u010dty\u0159denn\u00ed workshop po\u0159\u00e1dan\u00fd zpravidla v polovin\u011b ledna v Jesen\u00edk\u00e1ch, kde z\u00e1stupci organiz\u00e1tor\u016f (tj. v\u00fdboru MK, u\u010ditel\u016f Z\u0160, S\u0160 i V\u0160 pop\u0159. d\u016fv\u011brn\u00edk\u016f) p\u0159ipravuj\u00ed fin\u00e1ln\u00ed verzi zad\u00e1n\u00ed Matematick\u00e9ho klokana pro nadch\u00e1zej\u00edc\u00ed ro\u010dn\u00edk sout\u011b\u017ee v \u010desk\u00e9m jazyce. D\u016fraz je kladen na spr\u00e1vnou formulaci jak z pohledu matematick\u00e9ho a lingvistick\u00e9ho, tak z pohledu porozum\u011bn\u00ed <a class=\"more-link\" href=\"https:\/\/matematickyklokan.upol.cz\/?page_id=56\">\u010c\u00edst v\u00edce&#8230;<\/a><\/p>\n","protected":false},"author":1,"featured_media":0,"parent":0,"menu_order":0,"comment_status":"closed","ping_status":"closed","template":"","meta":{"footnotes":""},"class_list":["post-56","page","type-page","status-publish","hentry"],"_links":{"self":[{"href":"https:\/\/matematickyklokan.upol.cz\/index.php?rest_route=\/wp\/v2\/pages\/56","targetHints":{"allow":["GET"]}}],"collection":[{"href":"https:\/\/matematickyklokan.upol.cz\/index.php?rest_route=\/wp\/v2\/pages"}],"about":[{"href":"https:\/\/matematickyklokan.upol.cz\/index.php?rest_route=\/wp\/v2\/types\/page"}],"author":[{"embeddable":true,"href":"https:\/\/matematickyklokan.upol.cz\/index.php?rest_route=\/wp\/v2\/users\/1"}],"replies":[{"embeddable":true,"href":"https:\/\/matematickyklokan.upol.cz\/index.php?rest_route=%2Fwp%2Fv2%2Fcomments&post=56"}],"version-history":[{"count":11,"href":"https:\/\/matematickyklokan.upol.cz\/index.php?rest_route=\/wp\/v2\/pages\/56\/revisions"}],"predecessor-version":[{"id":759,"href":"https:\/\/matematickyklokan.upol.cz\/index.php?rest_route=\/wp\/v2\/pages\/56\/revisions\/759"}],"wp:attachment":[{"href":"https:\/\/matematickyklokan.upol.cz\/index.php?rest_route=%2Fwp%2Fv2%2Fmedia&parent=56"}],"curies":[{"name":"wp","href":"https:\/\/api.w.org\/{rel}","templated":true}]}}