{"id":55,"date":"2024-02-15T12:36:22","date_gmt":"2024-02-15T11:36:22","guid":{"rendered":"https:\/\/matematickyklokan.upol.cz\/?page_id=55"},"modified":"2024-02-18T16:50:18","modified_gmt":"2024-02-18T15:50:18","slug":"prirodovedny-klokan","status":"publish","type":"page","link":"https:\/\/matematickyklokan.upol.cz\/?page_id=55","title":{"rendered":"P\u0159\u00edrodov\u011bdn\u00fd klokan"},"content":{"rendered":"<p><a href=\"https:\/\/kag.upol.cz\/prirodovednyklokan\/info.html\" target=\"_blank\" rel=\"noopener\"><img loading=\"lazy\" decoding=\"async\" width=\"966\" height=\"715\" class=\"size-full wp-image-305 aligncenter\" src=\"https:\/\/matematickyklokan.upol.cz\/wp-content\/uploads\/2024\/02\/prirodovedny_klokan.jpg\" alt=\"\" srcset=\"https:\/\/matematickyklokan.upol.cz\/wp-content\/uploads\/2024\/02\/prirodovedny_klokan.jpg 966w, https:\/\/matematickyklokan.upol.cz\/wp-content\/uploads\/2024\/02\/prirodovedny_klokan-300x222.jpg 300w, https:\/\/matematickyklokan.upol.cz\/wp-content\/uploads\/2024\/02\/prirodovedny_klokan-768x568.jpg 768w\" sizes=\"auto, (max-width: 966px) 100vw, 966px\" \/><\/a><\/p>\n","protected":false},"excerpt":{"rendered":"","protected":false},"author":1,"featured_media":0,"parent":0,"menu_order":0,"comment_status":"closed","ping_status":"closed","template":"","meta":{"footnotes":""},"class_list":["post-55","page","type-page","status-publish","hentry"],"_links":{"self":[{"href":"https:\/\/matematickyklokan.upol.cz\/index.php?rest_route=\/wp\/v2\/pages\/55","targetHints":{"allow":["GET"]}}],"collection":[{"href":"https:\/\/matematickyklokan.upol.cz\/index.php?rest_route=\/wp\/v2\/pages"}],"about":[{"href":"https:\/\/matematickyklokan.upol.cz\/index.php?rest_route=\/wp\/v2\/types\/page"}],"author":[{"embeddable":true,"href":"https:\/\/matematickyklokan.upol.cz\/index.php?rest_route=\/wp\/v2\/users\/1"}],"replies":[{"embeddable":true,"href":"https:\/\/matematickyklokan.upol.cz\/index.php?rest_route=%2Fwp%2Fv2%2Fcomments&post=55"}],"version-history":[{"count":9,"href":"https:\/\/matematickyklokan.upol.cz\/index.php?rest_route=\/wp\/v2\/pages\/55\/revisions"}],"predecessor-version":[{"id":308,"href":"https:\/\/matematickyklokan.upol.cz\/index.php?rest_route=\/wp\/v2\/pages\/55\/revisions\/308"}],"wp:attachment":[{"href":"https:\/\/matematickyklokan.upol.cz\/index.php?rest_route=%2Fwp%2Fv2%2Fmedia&parent=55"}],"curies":[{"name":"wp","href":"https:\/\/api.w.org\/{rel}","templated":true}]}}