{"id":52,"date":"2024-02-15T12:36:22","date_gmt":"2024-02-15T11:36:22","guid":{"rendered":"https:\/\/matematickyklokan.upol.cz\/?page_id=52"},"modified":"2025-07-01T08:55:10","modified_gmt":"2025-07-01T06:55:10","slug":"sborniky","status":"publish","type":"page","link":"https:\/\/matematickyklokan.upol.cz\/?page_id=52","title":{"rendered":"Sborn\u00edky"},"content":{"rendered":"<p style=\"text-align: center;\"><strong>Sborn\u00edky z jednotliv\u00fdch ro\u010dn\u00edk\u016f sout\u011b\u017ee Matematick\u00fd klokan:<\/strong><\/p>\n<table style=\"border-collapse: collapse; width: 100%;\">\n<tbody>\n<tr>\n<td style=\"width: 16.6667%; text-align: center;\"><span style=\"font-size: 9pt;\"><strong>Sborn\u00edk 2004<\/strong><\/span><br \/>\n<a href=\"https:\/\/matematickyklokan.upol.cz\/wp-content\/uploads\/2024\/02\/sbornik2004.pdf\" target=\"_blank\" rel=\"noopener\"><img loading=\"lazy\" decoding=\"async\" class=\"alignnone wp-image-265\" src=\"https:\/\/matematickyklokan.upol.cz\/wp-content\/uploads\/2024\/02\/dokument-pdf-ikona.png\" alt=\"\" width=\"60\" height=\"60\" \/><\/a><\/td>\n<td style=\"width: 16.6667%; text-align: center;\"><span style=\"font-size: 9pt;\"><strong>Sborn\u00edk 2005<\/strong><\/span><br \/>\n<a href=\"https:\/\/matematickyklokan.upol.cz\/wp-content\/uploads\/2024\/02\/sbornik2005.pdf\" target=\"_blank\" rel=\"noopener\"><img loading=\"lazy\" decoding=\"async\" class=\"alignnone wp-image-265\" src=\"https:\/\/matematickyklokan.upol.cz\/wp-content\/uploads\/2024\/02\/dokument-pdf-ikona.png\" alt=\"\" width=\"60\" height=\"60\" \/><\/a><\/td>\n<td style=\"width: 16.6667%; text-align: center;\"><span style=\"font-size: 9pt;\"><strong>Sborn\u00edk 2006<\/strong><\/span><br \/>\n<a href=\"https:\/\/matematickyklokan.upol.cz\/wp-content\/uploads\/2024\/02\/sbornik2006.pdf\" target=\"_blank\" rel=\"noopener\"><img loading=\"lazy\" decoding=\"async\" class=\"alignnone wp-image-265\" src=\"https:\/\/matematickyklokan.upol.cz\/wp-content\/uploads\/2024\/02\/dokument-pdf-ikona.png\" alt=\"\" width=\"60\" height=\"60\" \/><\/a><\/td>\n<td style=\"width: 16.6667%; text-align: center;\"><span style=\"font-size: 9pt;\"><strong>Sborn\u00edk 2007<\/strong><\/span><br \/>\n<a href=\"https:\/\/matematickyklokan.upol.cz\/wp-content\/uploads\/2024\/02\/sbornik2007.pdf\" target=\"_blank\" rel=\"noopener\"><img loading=\"lazy\" decoding=\"async\" class=\"alignnone wp-image-265\" src=\"https:\/\/matematickyklokan.upol.cz\/wp-content\/uploads\/2024\/02\/dokument-pdf-ikona.png\" alt=\"\" width=\"60\" height=\"60\" \/><\/a><\/td>\n<td style=\"width: 16.6667%; text-align: center;\"><span style=\"font-size: 9pt;\"><strong>Sborn\u00edk 2008<\/strong><\/span><br \/>\n<a href=\"https:\/\/matematickyklokan.upol.cz\/wp-content\/uploads\/2024\/02\/sbornik2008.pdf\" target=\"_blank\" rel=\"noopener\"><img loading=\"lazy\" decoding=\"async\" class=\"alignnone wp-image-265\" src=\"https:\/\/matematickyklokan.upol.cz\/wp-content\/uploads\/2024\/02\/dokument-pdf-ikona.png\" alt=\"\" width=\"60\" height=\"60\" \/><\/a><\/td>\n<td style=\"width: 16.6667%; text-align: center;\"><span style=\"font-size: 9pt;\"><strong>Sborn\u00edk 2009<\/strong><\/span><br \/>\n<a href=\"https:\/\/matematickyklokan.upol.cz\/wp-content\/uploads\/2024\/02\/sbornik2009.pdf\" target=\"_blank\" rel=\"noopener\"><img loading=\"lazy\" decoding=\"async\" class=\"alignnone wp-image-265\" src=\"https:\/\/matematickyklokan.upol.cz\/wp-content\/uploads\/2024\/02\/dokument-pdf-ikona.png\" alt=\"\" width=\"60\" height=\"60\" \/><\/a><\/td>\n<\/tr>\n<tr>\n<td style=\"width: 16.6667%; text-align: center;\"><span style=\"font-size: 9pt;\"><strong>Sborn\u00edk 2010<\/strong><\/span><br \/>\n<a href=\"https:\/\/matematickyklokan.upol.cz\/wp-content\/uploads\/2024\/02\/sbornik2010.pdf\" target=\"_blank\" rel=\"noopener\"><img loading=\"lazy\" decoding=\"async\" class=\"alignnone wp-image-265\" src=\"https:\/\/matematickyklokan.upol.cz\/wp-content\/uploads\/2024\/02\/dokument-pdf-ikona.png\" alt=\"\" width=\"60\" height=\"60\" \/><\/a><\/td>\n<td style=\"width: 16.6667%; text-align: center;\"><span style=\"font-size: 9pt;\"><strong>Sborn\u00edk 2011<\/strong><\/span><br \/>\n<a href=\"https:\/\/matematickyklokan.upol.cz\/wp-content\/uploads\/2024\/02\/sbornik2011.pdf\" target=\"_blank\" rel=\"noopener\"><img loading=\"lazy\" decoding=\"async\" class=\"alignnone wp-image-265\" src=\"https:\/\/matematickyklokan.upol.cz\/wp-content\/uploads\/2024\/02\/dokument-pdf-ikona.png\" alt=\"\" width=\"60\" height=\"60\" \/><\/a><\/td>\n<td style=\"width: 16.6667%; text-align: center;\"><span style=\"font-size: 9pt;\"><strong>Sborn\u00edk 2012<\/strong><\/span><br \/>\n<a href=\"https:\/\/matematickyklokan.upol.cz\/wp-content\/uploads\/2024\/02\/sbornik2012.pdf\" target=\"_blank\" rel=\"noopener\"><img loading=\"lazy\" decoding=\"async\" class=\"alignnone wp-image-265\" src=\"https:\/\/matematickyklokan.upol.cz\/wp-content\/uploads\/2024\/02\/dokument-pdf-ikona.png\" alt=\"\" width=\"60\" height=\"60\" \/><\/a><\/td>\n<td style=\"width: 16.6667%; text-align: center;\"><span style=\"font-size: 9pt;\"><strong>Sborn\u00edk 2013<\/strong><\/span><br \/>\n<a href=\"https:\/\/matematickyklokan.upol.cz\/wp-content\/uploads\/2024\/02\/sbornik2013.pdf\" target=\"_blank\" rel=\"noopener\"><img loading=\"lazy\" decoding=\"async\" class=\"alignnone wp-image-265\" src=\"https:\/\/matematickyklokan.upol.cz\/wp-content\/uploads\/2024\/02\/dokument-pdf-ikona.png\" alt=\"\" width=\"60\" height=\"60\" \/><\/a><\/td>\n<td style=\"width: 16.6667%; text-align: center;\"><span style=\"font-size: 9pt;\"><strong>Sborn\u00edk 2014<\/strong><\/span><br \/>\n<a href=\"https:\/\/matematickyklokan.upol.cz\/wp-content\/uploads\/2024\/02\/sbornik2014.pdf\" target=\"_blank\" rel=\"noopener\"><img loading=\"lazy\" decoding=\"async\" class=\"alignnone wp-image-265\" src=\"https:\/\/matematickyklokan.upol.cz\/wp-content\/uploads\/2024\/02\/dokument-pdf-ikona.png\" alt=\"\" width=\"60\" height=\"60\" \/><\/a><\/td>\n<td style=\"width: 16.6667%; text-align: center;\"><span style=\"font-size: 9pt;\"><strong>Sborn\u00edk 2015<\/strong><\/span><br \/>\n<a href=\"https:\/\/matematickyklokan.upol.cz\/wp-content\/uploads\/2024\/02\/sbornik2015.pdf\" target=\"_blank\" rel=\"noopener\"><img loading=\"lazy\" decoding=\"async\" class=\"alignnone wp-image-265\" src=\"https:\/\/matematickyklokan.upol.cz\/wp-content\/uploads\/2024\/02\/dokument-pdf-ikona.png\" alt=\"\" width=\"60\" height=\"60\" \/><\/a><\/td>\n<\/tr>\n<tr>\n<td style=\"width: 16.6667%; text-align: center;\"><span style=\"font-size: 9pt;\"><strong>Sborn\u00edk 2016<\/strong><\/span><br \/>\n<a href=\"https:\/\/matematickyklokan.upol.cz\/wp-content\/uploads\/2024\/02\/sbornik2016.pdf\" target=\"_blank\" rel=\"noopener\"><img loading=\"lazy\" decoding=\"async\" class=\"alignnone wp-image-265\" src=\"https:\/\/matematickyklokan.upol.cz\/wp-content\/uploads\/2024\/02\/dokument-pdf-ikona.png\" alt=\"\" width=\"60\" height=\"60\" \/><\/a><\/td>\n<td style=\"width: 16.6667%; text-align: center;\"><span style=\"font-size: 9pt;\"><strong>Sborn\u00edk 2017<\/strong><\/span><br \/>\n<a href=\"https:\/\/matematickyklokan.upol.cz\/wp-content\/uploads\/2024\/02\/sbornik2017.pdf\" target=\"_blank\" rel=\"noopener\"><img loading=\"lazy\" decoding=\"async\" class=\"alignnone wp-image-265\" src=\"https:\/\/matematickyklokan.upol.cz\/wp-content\/uploads\/2024\/02\/dokument-pdf-ikona.png\" alt=\"\" width=\"60\" height=\"60\" \/><\/a><\/td>\n<td style=\"width: 16.6667%; text-align: center;\"><span style=\"font-size: 9pt;\"><strong>Sborn\u00edk 2018<\/strong><\/span><br \/>\n<a href=\"https:\/\/matematickyklokan.upol.cz\/wp-content\/uploads\/2024\/02\/sbornik2018.pdf\" target=\"_blank\" rel=\"noopener\"><img loading=\"lazy\" decoding=\"async\" class=\"alignnone wp-image-265\" src=\"https:\/\/matematickyklokan.upol.cz\/wp-content\/uploads\/2024\/02\/dokument-pdf-ikona.png\" alt=\"\" width=\"60\" height=\"60\" \/><\/a><\/td>\n<td style=\"width: 16.6667%; text-align: center;\"><span style=\"font-size: 9pt;\"><strong>Sborn\u00edk 2019<\/strong><\/span><br \/>\n<a href=\"https:\/\/matematickyklokan.upol.cz\/wp-content\/uploads\/2024\/02\/sbornik2019.pdf\" target=\"_blank\" rel=\"noopener\"><img loading=\"lazy\" decoding=\"async\" class=\"alignnone wp-image-265\" src=\"https:\/\/matematickyklokan.upol.cz\/wp-content\/uploads\/2024\/02\/dokument-pdf-ikona.png\" alt=\"\" width=\"60\" height=\"60\" \/><\/a><\/td>\n<td style=\"width: 16.6667%; text-align: center;\"><span style=\"font-size: 9pt;\"><strong>Sborn\u00edk 2020<\/strong><\/span><br \/>\n<a href=\"https:\/\/matematickyklokan.upol.cz\/wp-content\/uploads\/2024\/02\/sbornik2020.pdf\" target=\"_blank\" rel=\"noopener\"><img loading=\"lazy\" decoding=\"async\" class=\"alignnone wp-image-265\" src=\"https:\/\/matematickyklokan.upol.cz\/wp-content\/uploads\/2024\/02\/dokument-pdf-ikona.png\" alt=\"\" width=\"60\" height=\"60\" \/><\/a><\/td>\n<td style=\"width: 16.6667%; text-align: center;\"><span style=\"font-size: 9pt;\"><strong>Sborn\u00edk 2021<\/strong><\/span><br \/>\n<a href=\"https:\/\/matematickyklokan.upol.cz\/wp-content\/uploads\/2024\/02\/sbornik2021.pdf\" target=\"_blank\" rel=\"noopener\"><img loading=\"lazy\" decoding=\"async\" class=\"alignnone wp-image-265\" src=\"https:\/\/matematickyklokan.upol.cz\/wp-content\/uploads\/2024\/02\/dokument-pdf-ikona.png\" alt=\"\" width=\"60\" height=\"60\" \/><\/a><\/td>\n<\/tr>\n<tr>\n<td style=\"width: 16.6667%; text-align: center;\"><span style=\"font-size: 9pt;\"><strong>Sborn\u00edk 2022<\/strong><\/span><br \/>\n<a href=\"https:\/\/matematickyklokan.upol.cz\/wp-content\/uploads\/2024\/02\/sbornik2022.pdf\" target=\"_blank\" rel=\"noopener\"><img loading=\"lazy\" decoding=\"async\" class=\"alignnone wp-image-265\" src=\"https:\/\/matematickyklokan.upol.cz\/wp-content\/uploads\/2024\/02\/dokument-pdf-ikona.png\" alt=\"\" width=\"60\" height=\"60\" \/><\/a><\/td>\n<td style=\"width: 16.6667%; text-align: center;\"><span style=\"font-size: 9pt;\"><strong>Sborn\u00edk 2023<\/strong><\/span><br \/>\n<a href=\"https:\/\/matematickyklokan.upol.cz\/wp-content\/uploads\/2024\/03\/sbornik2023.pdf\" target=\"_blank\" rel=\"noopener\"><img loading=\"lazy\" decoding=\"async\" class=\"alignnone wp-image-265\" src=\"https:\/\/matematickyklokan.upol.cz\/wp-content\/uploads\/2024\/02\/dokument-pdf-ikona.png\" alt=\"\" width=\"60\" height=\"60\" \/><\/a><\/td>\n<td style=\"width: 16.6667%; text-align: center;\"><span style=\"font-size: 9pt;\"><strong>Sborn\u00edk 2024<\/strong><\/span><br \/>\n<a href=\"https:\/\/matematickyklokan.upol.cz\/wp-content\/uploads\/2025\/01\/sbornik2024.pdf\" target=\"_blank\" rel=\"noopener\"><img loading=\"lazy\" decoding=\"async\" class=\"alignnone wp-image-265\" src=\"https:\/\/matematickyklokan.upol.cz\/wp-content\/uploads\/2024\/02\/dokument-pdf-ikona.png\" alt=\"\" width=\"60\" height=\"60\" \/><\/a><\/td>\n<td style=\"width: 16.6667%; text-align: center;\"><span style=\"font-size: 9pt;\"><strong>Sborn\u00edk 2025<\/strong><\/span><br \/>\n<a href=\"https:\/\/matematickyklokan.upol.cz\/wp-content\/uploads\/2025\/07\/sbornik2025.pdf\" target=\"_blank\" rel=\"noopener\"><img loading=\"lazy\" decoding=\"async\" class=\"alignnone wp-image-265\" src=\"https:\/\/matematickyklokan.upol.cz\/wp-content\/uploads\/2024\/02\/dokument-pdf-ikona.png\" alt=\"\" width=\"60\" height=\"60\" \/><\/a><\/td>\n<td style=\"width: 16.6667%; text-align: center;\"><\/td>\n<td style=\"width: 16.6667%; text-align: center;\"><\/td>\n<\/tr>\n<\/tbody>\n<\/table>\n","protected":false},"excerpt":{"rendered":"<p>Sborn\u00edky z jednotliv\u00fdch ro\u010dn\u00edk\u016f sout\u011b\u017ee Matematick\u00fd klokan: Sborn\u00edk 2004 Sborn\u00edk 2005 Sborn\u00edk 2006 Sborn\u00edk 2007 Sborn\u00edk 2008 Sborn\u00edk 2009 Sborn\u00edk 2010 Sborn\u00edk 2011 Sborn\u00edk 2012 Sborn\u00edk 2013 Sborn\u00edk 2014 Sborn\u00edk 2015 Sborn\u00edk 2016 Sborn\u00edk 2017 Sborn\u00edk 2018 Sborn\u00edk 2019 Sborn\u00edk 2020 Sborn\u00edk 2021 Sborn\u00edk 2022 Sborn\u00edk 2023 Sborn\u00edk 2024 Sborn\u00edk 2025<\/p>\n","protected":false},"author":1,"featured_media":0,"parent":0,"menu_order":0,"comment_status":"closed","ping_status":"closed","template":"","meta":{"footnotes":""},"class_list":["post-52","page","type-page","status-publish","hentry"],"_links":{"self":[{"href":"https:\/\/matematickyklokan.upol.cz\/index.php?rest_route=\/wp\/v2\/pages\/52","targetHints":{"allow":["GET"]}}],"collection":[{"href":"https:\/\/matematickyklokan.upol.cz\/index.php?rest_route=\/wp\/v2\/pages"}],"about":[{"href":"https:\/\/matematickyklokan.upol.cz\/index.php?rest_route=\/wp\/v2\/types\/page"}],"author":[{"embeddable":true,"href":"https:\/\/matematickyklokan.upol.cz\/index.php?rest_route=\/wp\/v2\/users\/1"}],"replies":[{"embeddable":true,"href":"https:\/\/matematickyklokan.upol.cz\/index.php?rest_route=%2Fwp%2Fv2%2Fcomments&post=52"}],"version-history":[{"count":26,"href":"https:\/\/matematickyklokan.upol.cz\/index.php?rest_route=\/wp\/v2\/pages\/52\/revisions"}],"predecessor-version":[{"id":918,"href":"https:\/\/matematickyklokan.upol.cz\/index.php?rest_route=\/wp\/v2\/pages\/52\/revisions\/918"}],"wp:attachment":[{"href":"https:\/\/matematickyklokan.upol.cz\/index.php?rest_route=%2Fwp%2Fv2%2Fmedia&parent=52"}],"curies":[{"name":"wp","href":"https:\/\/api.w.org\/{rel}","templated":true}]}}