{"id":36,"date":"2024-02-14T15:55:41","date_gmt":"2024-02-14T14:55:41","guid":{"rendered":"https:\/\/matematickyklokan.upol.cz\/?page_id=36"},"modified":"2026-01-27T11:29:39","modified_gmt":"2026-01-27T10:29:39","slug":"organizacni-rad-a-pravidla","status":"publish","type":"page","link":"https:\/\/matematickyklokan.upol.cz\/?page_id=36","title":{"rendered":"Organiza\u010dn\u00ed \u0159\u00e1d a pravidla"},"content":{"rendered":"<p>&nbsp;<br \/>\n<span style=\"font-size: 12pt;\"><a href=\"https:\/\/matematickyklokan.upol.cz\/wp-content\/uploads\/2026\/01\/OR_2023.pdf\" target=\"_blank\" rel=\"noopener\">Organiza\u010dn\u00ed \u0159\u00e1d sout\u011b\u017ee Matematick\u00fd klokan<\/a><\/span><\/p>\n<p><span style=\"font-size: 12pt;\"><a href=\"https:\/\/matematickyklokan.upol.cz\/wp-content\/uploads\/2024\/02\/pravidla_Cvrcek.pdf\" target=\"_blank\" rel=\"noopener\">Pravidla kategorie CVR\u010cEK<\/a><\/span><br \/>\n<span style=\"font-size: 12pt;\"><a href=\"https:\/\/matematickyklokan.upol.cz\/wp-content\/uploads\/2024\/02\/pravidla_Klokanek-Benjamin-Kadet.pdf\" target=\"_blank\" rel=\"noopener\">Pravidla kategorie KLOK\u00c1NEK, BENJAM\u00cdN, KADET<\/a><\/span><br \/>\n<span style=\"font-size: 12pt;\"><a href=\"https:\/\/matematickyklokan.upol.cz\/wp-content\/uploads\/2024\/02\/pravidla_Junior-Student.pdf\" target=\"_blank\" rel=\"noopener\">Pravidla kategorie JUNIOR, STUDENT<\/a><\/span><\/p>\n<p>&nbsp;<br \/>\n&nbsp;<br \/>\n&nbsp;<br \/>\n&nbsp;<\/p>\n","protected":false},"excerpt":{"rendered":"<p>&nbsp; Organiza\u010dn\u00ed \u0159\u00e1d sout\u011b\u017ee Matematick\u00fd klokan Pravidla kategorie CVR\u010cEK Pravidla kategorie KLOK\u00c1NEK, BENJAM\u00cdN, KADET Pravidla kategorie JUNIOR, STUDENT &nbsp; &nbsp; &nbsp; &nbsp;<\/p>\n","protected":false},"author":1,"featured_media":0,"parent":0,"menu_order":0,"comment_status":"closed","ping_status":"closed","template":"","meta":{"footnotes":""},"class_list":["post-36","page","type-page","status-publish","hentry"],"_links":{"self":[{"href":"https:\/\/matematickyklokan.upol.cz\/index.php?rest_route=\/wp\/v2\/pages\/36","targetHints":{"allow":["GET"]}}],"collection":[{"href":"https:\/\/matematickyklokan.upol.cz\/index.php?rest_route=\/wp\/v2\/pages"}],"about":[{"href":"https:\/\/matematickyklokan.upol.cz\/index.php?rest_route=\/wp\/v2\/types\/page"}],"author":[{"embeddable":true,"href":"https:\/\/matematickyklokan.upol.cz\/index.php?rest_route=\/wp\/v2\/users\/1"}],"replies":[{"embeddable":true,"href":"https:\/\/matematickyklokan.upol.cz\/index.php?rest_route=%2Fwp%2Fv2%2Fcomments&post=36"}],"version-history":[{"count":18,"href":"https:\/\/matematickyklokan.upol.cz\/index.php?rest_route=\/wp\/v2\/pages\/36\/revisions"}],"predecessor-version":[{"id":941,"href":"https:\/\/matematickyklokan.upol.cz\/index.php?rest_route=\/wp\/v2\/pages\/36\/revisions\/941"}],"wp:attachment":[{"href":"https:\/\/matematickyklokan.upol.cz\/index.php?rest_route=%2Fwp%2Fv2%2Fmedia&parent=36"}],"curies":[{"name":"wp","href":"https:\/\/api.w.org\/{rel}","templated":true}]}}