{"id":33,"date":"2024-02-14T15:55:41","date_gmt":"2024-02-14T14:55:41","guid":{"rendered":"https:\/\/matematickyklokan.upol.cz\/?page_id=33"},"modified":"2026-01-20T14:06:27","modified_gmt":"2026-01-20T13:06:27","slug":"seznam-krajskych-duverniku","status":"publish","type":"page","link":"https:\/\/matematickyklokan.upol.cz\/?page_id=33","title":{"rendered":"Seznam krajsk\u00fdch d\u016fv\u011brn\u00edk\u016f"},"content":{"rendered":"<table>\n<tbody>\n<tr>\n<td style=\"text-align: left; vertical-align: top;\"><span style=\"font-size: 11pt;\"><strong>Jiho\u010desk\u00fd kraj<\/strong><\/span><\/td>\n<td class=\"has-small-font-size\" style=\"text-align: left; vertical-align: top;\"><strong>Michal He\u0159man<\/strong><br \/>\nD\u016fm d\u011bt\u00ed a ml\u00e1de\u017ee \u010cB<br \/>\nU Zimn\u00edho stadionu 1<br \/>\n37001\u00a0 \u010cESK\u00c9 BUD\u011aJOVICE<br \/>\n<a href=\"mailto:herman@ddmcb.cz\">herman@ddmcb.cz<\/a><\/td>\n<td style=\"text-align: left; vertical-align: top;\"><img loading=\"lazy\" decoding=\"async\" width=\"120\" height=\"69\" class=\"wp-image-191\" style=\"width: 120px;\" src=\"https:\/\/matematickyklokan.upol.cz\/wp-content\/uploads\/2024\/02\/2004_Jihocesky_kraj.png\" alt=\"\" \/><\/td>\n<\/tr>\n<tr>\n<td style=\"text-align: left; vertical-align: top;\"><span style=\"font-size: 11pt;\"><strong>Jihomoravsk\u00fd kraj<\/strong><\/span><\/td>\n<td class=\"has-small-font-size\" style=\"text-align: left; vertical-align: top;\"><strong>Petr P\u0159ikryl<\/strong><br \/>\nSt\u0159edn\u00ed pr\u016fmyslov\u00e1 \u0161kola Brno<br \/>\nPurky\u0148ova 97<br \/>\n61200\u00a0 BRNO<br \/>\n<a href=\"mailto:pet.prikryl@gmail.com\">pet.prikryl@gmail.com<\/a><\/td>\n<td style=\"text-align: left; vertical-align: top;\"><img loading=\"lazy\" decoding=\"async\" width=\"120\" height=\"69\" class=\"wp-image-190\" style=\"width: 120px;\" src=\"https:\/\/matematickyklokan.upol.cz\/wp-content\/uploads\/2024\/02\/2004_Jihomoravsky_kraj.png\" alt=\"\" \/><\/td>\n<\/tr>\n<tr>\n<td style=\"text-align: left; vertical-align: top;\"><span style=\"font-size: 11pt;\"><strong>Karlovarsk\u00fd kraj<\/strong><\/span><\/td>\n<td class=\"has-small-font-size\" style=\"text-align: left; vertical-align: top;\"><strong>Zde\u0148ka B\u00e1b\u00ed\u010dkov\u00e1 Bechov\u00e1<\/strong><br \/>\nGymn\u00e1zium Sokolov<br \/>\nHusitsk\u00e1 2053<br \/>\n35601\u00a0 SOKOLOV<br \/>\n<a href=\"mailto:zdenka.babickova@gymso.cz\">zdenka.babickova@gymso.cz<\/a><\/td>\n<td style=\"text-align: left; vertical-align: top;\"><img loading=\"lazy\" decoding=\"async\" width=\"120\" height=\"69\" class=\"wp-image-189\" style=\"width: 120px;\" src=\"https:\/\/matematickyklokan.upol.cz\/wp-content\/uploads\/2024\/02\/2004_Karlovarsky_kraj.png\" alt=\"\" \/><\/td>\n<\/tr>\n<tr>\n<td style=\"text-align: left; vertical-align: top;\"><span style=\"font-size: 11pt;\"><strong>Kr\u00e1lov\u00e9hradeck\u00fd kraj<\/strong><\/span><\/td>\n<td class=\"has-small-font-size\" style=\"text-align: left; vertical-align: top;\"><strong>Miroslav Nov\u00e1k<\/strong><br \/>\nGymn\u00e1zium J. K. Tyla<br \/>\nTylovo n\u00e1b\u0159e\u017e\u00ed 682<br \/>\n50002\u00a0 HRADEC KR\u00c1LOV\u00c9<br \/>\n<a href=\"mailto:novak@gjkt.cz\">novak@gjkt.cz<\/a><\/td>\n<td style=\"text-align: left; vertical-align: top;\"><img loading=\"lazy\" decoding=\"async\" width=\"120\" height=\"69\" class=\"wp-image-187\" style=\"width: 120px;\" src=\"https:\/\/matematickyklokan.upol.cz\/wp-content\/uploads\/2024\/02\/2004_Kralovehradecky_kraj.png\" alt=\"\" \/><\/td>\n<\/tr>\n<tr>\n<td style=\"text-align: left; vertical-align: top;\"><span style=\"font-size: 11pt;\"><strong>Libereck\u00fd kraj<\/strong><\/span><\/td>\n<td class=\"has-small-font-size\" style=\"text-align: left; vertical-align: top;\"><strong>Jana Va\u0148kov\u00e1<\/strong><br \/>\nGymn\u00e1zium F. X. \u0160aldy<br \/>\nPartyz\u00e1nsk\u00e1 530<br \/>\n46001\u00a0 LIBEREC 11<br \/>\n<a href=\"mailto:jana.vankova@gfxs.cz\">jana.vankova@gfxs.cz<\/a><\/td>\n<td style=\"text-align: left; vertical-align: top;\"><img loading=\"lazy\" decoding=\"async\" width=\"120\" height=\"69\" class=\"wp-image-186\" style=\"width: 120px;\" src=\"https:\/\/matematickyklokan.upol.cz\/wp-content\/uploads\/2024\/02\/2004_Liberecky_kraj.png\" alt=\"\" \/><\/td>\n<\/tr>\n<tr>\n<td style=\"text-align: left; vertical-align: top;\"><span style=\"font-size: 11pt;\"><strong>Moravskoslezsk\u00fd kraj<\/strong><\/span><\/td>\n<td class=\"has-small-font-size\" style=\"text-align: left; vertical-align: top;\"><strong>Ji\u0159\u00ed Kup\u010d\u00edk<\/strong><br \/>\nZ\u0160 Hradec nad Moravic\u00ed<br \/>\nOpavsk\u00e1 217<br \/>\n74741\u00a0 HRADEC NAD MORAVIC\u00cd<br \/>\n<a href=\"mailto:jiri.kupcik34@gmail.com\">jiri.kupcik34@gmail.com<\/a><\/td>\n<td style=\"text-align: left; vertical-align: top;\"><img loading=\"lazy\" decoding=\"async\" width=\"120\" height=\"69\" class=\"wp-image-185\" style=\"width: 120px;\" src=\"https:\/\/matematickyklokan.upol.cz\/wp-content\/uploads\/2024\/02\/2004_Moravskoslezsky_kraj.png\" alt=\"\" \/><\/td>\n<\/tr>\n<tr>\n<td style=\"text-align: left; vertical-align: top;\"><span style=\"font-size: 11pt;\"><strong>Olomouck\u00fd kraj<\/strong><\/span><\/td>\n<td class=\"has-small-font-size\" style=\"text-align: left; vertical-align: top;\"><strong>Dita Rau\u0161erov\u00e1<\/strong><br \/>\nSlovansk\u00e9 gymn\u00e1zium<br \/>\nJi\u0159\u00edho z Pod\u011bbrad 13<br \/>\n77900\u00a0 OLOMOUC<br \/>\n<a href=\"mailto:ditamf@seznam.cz\">ditamf@seznam.cz<\/a><\/td>\n<td style=\"text-align: left; vertical-align: top;\"><img loading=\"lazy\" decoding=\"async\" width=\"120\" height=\"69\" class=\"wp-image-184\" style=\"width: 120px;\" src=\"https:\/\/matematickyklokan.upol.cz\/wp-content\/uploads\/2024\/02\/2004_Olomoucky_kraj.png\" alt=\"\" \/><\/td>\n<\/tr>\n<tr>\n<td style=\"text-align: left; vertical-align: top;\"><span style=\"font-size: 11pt;\"><strong>Pardubick\u00fd kraj<\/strong><\/span><\/td>\n<td class=\"has-small-font-size\" style=\"text-align: left; vertical-align: top;\"><strong>Eva Daleck\u00e1<\/strong><br \/>\nCCV Pardubice<br \/>\nMozartova 449<br \/>\n53009 PARDUBICE<br \/>\n<a href=\"mailto:dalecka.klokan@seznam.cz\">dalecka.klokan@seznam.cz<\/a><\/td>\n<td style=\"text-align: left; vertical-align: top;\"><img loading=\"lazy\" decoding=\"async\" width=\"120\" height=\"69\" class=\"wp-image-183\" style=\"width: 120px;\" src=\"https:\/\/matematickyklokan.upol.cz\/wp-content\/uploads\/2024\/02\/2004_Pardubicky_kraj.png\" alt=\"\" \/><\/td>\n<\/tr>\n<tr>\n<td style=\"text-align: left; vertical-align: top;\"><span style=\"font-size: 11pt;\"><strong>Plze\u0148sk\u00fd kraj<\/strong><\/span><\/td>\n<td class=\"has-small-font-size\" style=\"text-align: left; vertical-align: top;\"><strong>Josef Kube\u0161<\/strong><br \/>\nGymn\u00e1zium, Plze\u0148, Mikul\u00e1\u0161sk\u00e9 n\u00e1m. 23<br \/>\nMikul\u00e1\u0161sk\u00e9 n\u00e1m\u011bst\u00ed 808\/23<br \/>\n32600\u00a0 PLZE\u0147<br \/>\n<a href=\"mailto:josef.kubes@mikulasske.cz\">josef.kubes@mikulasske.cz<\/a><\/td>\n<td style=\"text-align: left; vertical-align: top;\"><img loading=\"lazy\" decoding=\"async\" width=\"120\" height=\"69\" class=\"wp-image-182\" style=\"width: 120px;\" src=\"https:\/\/matematickyklokan.upol.cz\/wp-content\/uploads\/2024\/02\/2004_Plzensky_kraj.png\" alt=\"\" \/><\/td>\n<\/tr>\n<tr>\n<td style=\"text-align: left; vertical-align: top;\"><span style=\"font-size: 11pt;\"><strong>St\u0159edo\u010desk\u00fd kraj<\/strong><\/span><\/td>\n<td class=\"has-small-font-size\" style=\"text-align: left; vertical-align: top;\"><strong>Jana \u0160v\u00e1chov\u00e1<\/strong><br \/>\nGymn\u00e1zium Bene\u0161ov<br \/>\n25651\u00a0 BENE\u0160OV U PRAHY<br \/>\n<a href=\"mailto:svachova@gbn.cz\">svachova@gbn.cz<\/a><\/td>\n<td style=\"text-align: left; vertical-align: top;\"><img loading=\"lazy\" decoding=\"async\" width=\"120\" height=\"69\" class=\"wp-image-180\" style=\"width: 120px;\" src=\"https:\/\/matematickyklokan.upol.cz\/wp-content\/uploads\/2024\/02\/2004_Stredocesky_kraj.png\" alt=\"\" \/><\/td>\n<\/tr>\n<tr>\n<td style=\"text-align: left; vertical-align: top;\"><span style=\"font-size: 11pt;\"><strong>\u00dasteck\u00fd kraj<\/strong><\/span><\/td>\n<td class=\"has-small-font-size\" style=\"text-align: left; vertical-align: top;\"><strong>Jaroslav Dvo\u0159\u00e1k<\/strong><br \/>\nZ\u00e1kladn\u00ed \u0161kola<br \/>\nOkru\u017en\u00ed 1235\/8<br \/>\n43401 Most<br \/>\n<a href=\"mailto:dvorakjar@seznam.cz\">dvorakjar@seznam.cz<\/a><\/td>\n<td style=\"text-align: left; vertical-align: top;\"><img loading=\"lazy\" decoding=\"async\" width=\"120\" height=\"69\" class=\"wp-image-179\" style=\"width: 120px;\" src=\"https:\/\/matematickyklokan.upol.cz\/wp-content\/uploads\/2024\/02\/2004_Ustecky_kraj.png\" alt=\"\" \/><\/td>\n<\/tr>\n<tr>\n<td style=\"text-align: left; vertical-align: top;\"><span style=\"font-size: 11pt;\"><strong>Kraj Vyso\u010dina<\/strong><\/span><\/td>\n<td class=\"has-small-font-size\" style=\"text-align: left; vertical-align: top;\"><strong>Jaroslava Soukupov\u00e1<\/strong><br \/>\nDolnokub\u00ednsk\u00e1 1442<br \/>\n39301\u00a0 PELH\u0158IMOV<br \/>\n<a href=\"mailto:soukupova.jarka@email.cz\">soukupova.jarka@email.cz<\/a><\/td>\n<td style=\"text-align: left; vertical-align: top;\"><img loading=\"lazy\" decoding=\"async\" width=\"120\" height=\"69\" class=\"wp-image-188\" style=\"width: 120px;\" src=\"https:\/\/matematickyklokan.upol.cz\/wp-content\/uploads\/2024\/02\/2004_Kraj_Vysocina.png\" alt=\"\" \/><\/td>\n<\/tr>\n<tr>\n<td style=\"text-align: left; vertical-align: top;\"><span style=\"font-size: 11pt;\"><strong>Zl\u00ednsk\u00fd kraj<\/strong><\/span><\/td>\n<td class=\"has-small-font-size\" style=\"text-align: left; vertical-align: top;\"><strong>Ivana Macha\u010d\u00edkov\u00e1<\/strong><br \/>\nGymn\u00e1zium Zl\u00edn &#8211; Lesn\u00ed \u010dtvr\u0165<br \/>\nLesn\u00ed \u010dtvr\u0165 1364<br \/>\n76137\u00a0 ZL\u00cdN<br \/>\n<a href=\"mailto:machacikova@gymzl.cz\">machacikova@gymzl.cz<\/a><\/td>\n<td style=\"text-align: left; vertical-align: top;\"><img loading=\"lazy\" decoding=\"async\" width=\"120\" height=\"69\" class=\"wp-image-178\" style=\"width: 120px;\" src=\"https:\/\/matematickyklokan.upol.cz\/wp-content\/uploads\/2024\/02\/2004_Zlinsky_kraj.png\" alt=\"\" \/><\/td>\n<\/tr>\n<tr>\n<td style=\"text-align: left; vertical-align: top;\"><span style=\"font-size: 11pt;\"><strong>Praha<\/strong><\/span><\/td>\n<td class=\"has-small-font-size\" style=\"text-align: left; vertical-align: top;\"><strong>Jakub Fischer<\/strong><br \/>\nFakulta informatiky a statistiky V\u0160E<br \/>\nn\u00e1m. W. Churchilla 4<br \/>\n13067\u00a0 PRAHA 3<br \/>\n<a href=\"mailto:fischerj@vse.cz\">fischerj@vse.cz<\/a><\/td>\n<td style=\"text-align: left; vertical-align: top;\"><img loading=\"lazy\" decoding=\"async\" width=\"120\" height=\"69\" class=\"wp-image-181\" style=\"width: 120px;\" src=\"https:\/\/matematickyklokan.upol.cz\/wp-content\/uploads\/2024\/02\/2004_Praha.png\" alt=\"\" \/><\/td>\n<\/tr>\n<\/tbody>\n<\/table>\n","protected":false},"excerpt":{"rendered":"<p>Jiho\u010desk\u00fd kraj Michal He\u0159man D\u016fm d\u011bt\u00ed a ml\u00e1de\u017ee \u010cB U Zimn\u00edho stadionu 1 37001\u00a0 \u010cESK\u00c9 BUD\u011aJOVICE herman@ddmcb.cz Jihomoravsk\u00fd kraj Petr P\u0159ikryl St\u0159edn\u00ed pr\u016fmyslov\u00e1 \u0161kola Brno Purky\u0148ova 97 61200\u00a0 BRNO pet.prikryl@gmail.com Karlovarsk\u00fd kraj Zde\u0148ka B\u00e1b\u00ed\u010dkov\u00e1 Bechov\u00e1 Gymn\u00e1zium Sokolov Husitsk\u00e1 2053 35601\u00a0 SOKOLOV zdenka.babickova@gymso.cz Kr\u00e1lov\u00e9hradeck\u00fd kraj Miroslav Nov\u00e1k Gymn\u00e1zium J. K. Tyla Tylovo n\u00e1b\u0159e\u017e\u00ed 682 50002\u00a0 HRADEC <a class=\"more-link\" href=\"https:\/\/matematickyklokan.upol.cz\/?page_id=33\">\u010c\u00edst v\u00edce&#8230;<\/a><\/p>\n","protected":false},"author":1,"featured_media":0,"parent":0,"menu_order":0,"comment_status":"closed","ping_status":"closed","template":"","meta":{"footnotes":""},"class_list":["post-33","page","type-page","status-publish","hentry"],"_links":{"self":[{"href":"https:\/\/matematickyklokan.upol.cz\/index.php?rest_route=\/wp\/v2\/pages\/33","targetHints":{"allow":["GET"]}}],"collection":[{"href":"https:\/\/matematickyklokan.upol.cz\/index.php?rest_route=\/wp\/v2\/pages"}],"about":[{"href":"https:\/\/matematickyklokan.upol.cz\/index.php?rest_route=\/wp\/v2\/types\/page"}],"author":[{"embeddable":true,"href":"https:\/\/matematickyklokan.upol.cz\/index.php?rest_route=\/wp\/v2\/users\/1"}],"replies":[{"embeddable":true,"href":"https:\/\/matematickyklokan.upol.cz\/index.php?rest_route=%2Fwp%2Fv2%2Fcomments&post=33"}],"version-history":[{"count":16,"href":"https:\/\/matematickyklokan.upol.cz\/index.php?rest_route=\/wp\/v2\/pages\/33\/revisions"}],"predecessor-version":[{"id":939,"href":"https:\/\/matematickyklokan.upol.cz\/index.php?rest_route=\/wp\/v2\/pages\/33\/revisions\/939"}],"wp:attachment":[{"href":"https:\/\/matematickyklokan.upol.cz\/index.php?rest_route=%2Fwp%2Fv2%2Fmedia&parent=33"}],"curies":[{"name":"wp","href":"https:\/\/api.w.org\/{rel}","templated":true}]}}