{"id":31,"date":"2024-02-14T15:55:41","date_gmt":"2024-02-14T14:55:41","guid":{"rendered":"https:\/\/matematickyklokan.upol.cz\/?page_id=31"},"modified":"2025-01-24T20:31:20","modified_gmt":"2025-01-24T19:31:20","slug":"kategorie-a-garanti","status":"publish","type":"page","link":"https:\/\/matematickyklokan.upol.cz\/?page_id=31","title":{"rendered":"Kategorie a garanti"},"content":{"rendered":"\r\n<figure class=\"wp-block-table\">\r\n<table>\r\n<tbody>\r\n<tr>\r\n<td class=\"has-small-font-size\"><strong>Cvr\u010dek (2.-3. t\u0159\u00edda Z\u0160):<\/strong><\/td>\r\n<td class=\"has-small-font-size\"><strong>dr. Eva Nov\u00e1kov\u00e1<\/strong>\u00a0<br \/>54 949 6933\u00a0<br \/><a href=\"mailto:novakova@ped.muni.cz\">novakova@ped.muni.cz\u00a0<\/a><\/td>\r\n<\/tr>\r\n<tr>\r\n<td class=\"has-small-font-size\"><strong>Klok\u00e1nek (4.-5. t\u0159\u00edda Z\u0160)<\/strong>:<\/td>\r\n<td class=\"has-small-font-size\"><strong>dr. Martina Uhl\u00ed\u0159ov\u00e1\u00a0<\/strong><br \/>58 563 5712\u00a0<br \/><a href=\"mailto:martina.uhlirova@upol.cz\">martina.uhlirova@upol.cz\u00a0<\/a><\/td>\r\n<\/tr>\r\n<tr>\r\n<td class=\"has-small-font-size\"><strong>Benjam\u00edn (6.-7. t\u0159\u00edda Z\u0160):<\/strong><\/td>\r\n<td class=\"has-small-font-size\"><strong>dr. Eva B\u00e1rtkov\u00e1<\/strong>\u00a0<br \/>58 563 5716\u00a0<br \/><a href=\"mailto:eva.bartkova@upol.cz\">eva.bartkova@upol.cz\u00a0<\/a><\/td>\r\n<\/tr>\r\n<tr>\r\n<td class=\"has-small-font-size\"><strong>Kadet (8.-9. t\u0159\u00edda Z\u0160):<\/strong><\/td>\r\n<td class=\"has-small-font-size\"><strong>dr. David Nocar<\/strong><br \/>58 563 5709<br \/><a href=\"mailto:david.nocar@upol.cz\">david.nocar@upol.cz\u00a0<\/a><\/td>\r\n<\/tr>\r\n<tr>\r\n<td class=\"has-small-font-size\"><strong>Junior (1.-2. ro\u010dn\u00edk S\u0160):<\/strong><\/td>\r\n<td class=\"has-small-font-size\"><strong>dr. Vladim\u00edr Van\u011bk<\/strong>\u00a0<br \/>58 563 4645\u00a0<br \/><a href=\"mailto:vladimir.vanek@upol.cz\">vladimir.vanek@upol.cz<\/a>\u00a0<\/td>\r\n<\/tr>\r\n<tr>\r\n<td class=\"has-small-font-size\"><strong>Student (3.-4. ro\u010dn\u00edk S\u0160):<\/strong><\/td>\r\n<td class=\"has-small-font-size\"><strong>dr. Pavel Cal\u00e1bek<\/strong>\u00a0<br \/>58 563 4642\u00a0<br \/><a href=\"mailto:pavel.calabek@upol.cz\">pavel.calabek@upol.cz<\/a><\/td>\r\n<\/tr>\r\n<\/tbody>\r\n<\/table>\r\n<\/figure>\r\n","protected":false},"excerpt":{"rendered":"<p>Cvr\u010dek (2.-3. t\u0159\u00edda Z\u0160): dr. Eva Nov\u00e1kov\u00e1\u00a054 949 6933\u00a0novakova@ped.muni.cz\u00a0 Klok\u00e1nek (4.-5. t\u0159\u00edda Z\u0160): dr. Martina Uhl\u00ed\u0159ov\u00e1\u00a058 563 5712\u00a0martina.uhlirova@upol.cz\u00a0 Benjam\u00edn (6.-7. t\u0159\u00edda Z\u0160): dr. Eva B\u00e1rtkov\u00e1\u00a058 563 5716\u00a0eva.bartkova@upol.cz\u00a0 Kadet (8.-9. t\u0159\u00edda Z\u0160): dr. David Nocar58 563 5709david.nocar@upol.cz\u00a0 Junior (1.-2. ro\u010dn\u00edk S\u0160): dr. Vladim\u00edr Van\u011bk\u00a058 563 4645\u00a0vladimir.vanek@upol.cz\u00a0 Student (3.-4. ro\u010dn\u00edk S\u0160): dr. Pavel Cal\u00e1bek\u00a058 563 4642\u00a0pavel.calabek@upol.cz<\/p>\n","protected":false},"author":1,"featured_media":0,"parent":0,"menu_order":0,"comment_status":"closed","ping_status":"closed","template":"","meta":{"footnotes":""},"class_list":["post-31","page","type-page","status-publish","hentry"],"_links":{"self":[{"href":"https:\/\/matematickyklokan.upol.cz\/index.php?rest_route=\/wp\/v2\/pages\/31","targetHints":{"allow":["GET"]}}],"collection":[{"href":"https:\/\/matematickyklokan.upol.cz\/index.php?rest_route=\/wp\/v2\/pages"}],"about":[{"href":"https:\/\/matematickyklokan.upol.cz\/index.php?rest_route=\/wp\/v2\/types\/page"}],"author":[{"embeddable":true,"href":"https:\/\/matematickyklokan.upol.cz\/index.php?rest_route=\/wp\/v2\/users\/1"}],"replies":[{"embeddable":true,"href":"https:\/\/matematickyklokan.upol.cz\/index.php?rest_route=%2Fwp%2Fv2%2Fcomments&post=31"}],"version-history":[{"count":8,"href":"https:\/\/matematickyklokan.upol.cz\/index.php?rest_route=\/wp\/v2\/pages\/31\/revisions"}],"predecessor-version":[{"id":710,"href":"https:\/\/matematickyklokan.upol.cz\/index.php?rest_route=\/wp\/v2\/pages\/31\/revisions\/710"}],"wp:attachment":[{"href":"https:\/\/matematickyklokan.upol.cz\/index.php?rest_route=%2Fwp%2Fv2%2Fmedia&parent=31"}],"curies":[{"name":"wp","href":"https:\/\/api.w.org\/{rel}","templated":true}]}}