{"id":27,"date":"2024-02-14T15:50:49","date_gmt":"2024-02-14T14:50:49","guid":{"rendered":"https:\/\/matematickyklokan.upol.cz\/?page_id=27"},"modified":"2025-01-24T20:23:50","modified_gmt":"2025-01-24T19:23:50","slug":"informace-o-soutezi","status":"publish","type":"page","link":"https:\/\/matematickyklokan.upol.cz\/?page_id=27","title":{"rendered":"Informace o sout\u011b\u017ei"},"content":{"rendered":"<p class=\"has-small-font-size\" style=\"text-align: justify;\">Mezin\u00e1rodn\u011b koordinovan\u00e1 sout\u011b\u017e\u00a0<strong>Matematick\u00fd klokan<\/strong>\u00a0byla vytvo\u0159ena podle obdobn\u00e9 sout\u011b\u017ee, kter\u00e1 byla v\u00a0osmdes\u00e1t\u00fdch letech minul\u00e9ho stolet\u00ed po\u0159\u00e1d\u00e1na v\u00a0Austr\u00e1lii. Od roku 1991, kdy se konal prvn\u00ed ro\u010dn\u00edk ve Francii, se roz\u0161\u00ed\u0159ila do zem\u00ed Evropy a postupn\u011b i na dal\u0161\u00ed kontinenty. V roce 2016 se ji\u017e t\u00e9to sout\u011b\u017ee \u00fa\u010dastnilo p\u0159es 6 milion\u016f sout\u011b\u017e\u00edc\u00edch z v\u00edce ne\u017e 60 zem\u00ed cel\u00e9ho sv\u011bta sdru\u017een\u00fdch v asociaci\u00a0<i>Kangourou sans frontieres<\/i>, jej\u00ed\u017e koordina\u010dn\u00ed centrum je v Pa\u0159\u00ed\u017ei. V \u010cR se sout\u011b\u017e Matematick\u00fd klokan konala poprv\u00e9 v roce 1995. Po\u0159adatelem Klokana v \u010cR je Jednota \u010desk\u00fdch matematik\u016f a fyzik\u016f ve spolupr\u00e1ci s Katedrou algebry a geometrie P\u0159\u00edrodov\u011bdeck\u00e9 fakulty Univerzity Palack\u00e9ho v Olomouci a Katedrou matematiky Pedagogick\u00e9 fakulty Univerzity Palack\u00e9ho v Olomouci.<\/p>\n<p class=\"has-small-font-size\" style=\"text-align: justify;\">Sout\u011b\u017e\u00edc\u00ed jsou podle v\u011bku rozd\u011bleni do 6 kategori\u00ed: Cvr\u010dek (2.-3. t\u0159\u00edda Z\u0160), Klok\u00e1nek (4.-5. t\u0159\u00edda Z\u0160), Benjam\u00edn (6.-7. t\u0159\u00edda Z\u0160), Kadet (8.-9. t\u0159\u00edda Z\u0160), Junior (1.-2. ro\u010dn\u00edk S\u0160) a Student (3.-4. ro\u010dn\u00edk S\u0160). Sout\u011b\u017e\u00ed se ve v\u0161ech kraj\u00edch na\u0161\u00ed republiky v jednom term\u00ednu, obvykle v p\u00e1tek po t\u0159et\u00edm b\u0159eznov\u00e9m \u010dtvrtku, tak\u017ee \u017e\u00e1ci a studenti absolvuj\u00ed \u0161koln\u00ed, oblastn\u00ed, republikov\u00e9 a vlastn\u011b i mezin\u00e1rodn\u00ed kolo ve sv\u00e9 lavici. Ve v\u0161ech kategori\u00edch sout\u011b\u017e\u00edc\u00ed \u0159e\u0161\u00ed soubor testov\u00fdch \u00faloh ve stanoven\u00e9m \u010dase, p\u0159i\u010dem\u017e vyb\u00edr\u00e1 jednu z p\u011bti nab\u00edzen\u00fdch mo\u017enost\u00ed \u0159e\u0161en\u00ed. \u00dalohy jsou se\u0159azeny ve t\u0159ech skupin\u00e1ch podle obt\u00ed\u017enosti, za spr\u00e1vnou odpov\u011b\u010f z\u00edsk\u00e1v\u00e1 sout\u011b\u017e\u00edc\u00ed 3, 4 nebo 5 bod\u016f, za \u0161patnou odpov\u011b\u010f se mu jeden bod strh\u00e1v\u00e1. Aby sout\u011b\u017e\u00edc\u00ed nedosahovali z\u00e1porn\u00fdch v\u00fdsledk\u016f, dost\u00e1vaj\u00ed do v\u00ednku takov\u00fd po\u010det bod\u016f, kolik je v kategorii \u00faloh.<\/p>\n<p class=\"has-small-font-size\" style=\"text-align: justify;\">V olomouck\u00e9m centru se statisticky vyhodnocuj\u00ed v\u00fdsledky za celou \u010ceskou republiku, nejlep\u0161\u00ed \u0159e\u0161itel\u00e9 v ka\u017ed\u00e9 kategorii jsou odm\u011bn\u011bni v\u011bcnou cenou. Statistick\u00e9 v\u00fdsledky spolu se zad\u00e1n\u00edm sout\u011b\u017en\u00edch \u00faloh a spr\u00e1vn\u00fdmi odpov\u011b\u010fmi jsou uve\u0159ejn\u011bny ve sborn\u00edku ka\u017ed\u00e9ho ro\u010dn\u00edku, kter\u00fd vyd\u00e1v\u00e1 J\u010cMF a kter\u00fd m\u016f\u017eete v elektronick\u00e9 verzi nal\u00e9zt na t\u011bchto webov\u00fdch str\u00e1nk\u00e1ch.<\/p>\n<p>&nbsp;<\/p>\n<p><strong>Partne\u0159i sout\u011b\u017ee:<\/strong><\/p>\n<p style=\"text-align: center;\"><img loading=\"lazy\" decoding=\"async\" class=\"alignnone wp-image-159\" src=\"https:\/\/matematickyklokan.upol.cz\/wp-content\/uploads\/2024\/02\/logo_JCMF.png\" alt=\"\" width=\"255\" height=\"111\" srcset=\"https:\/\/matematickyklokan.upol.cz\/wp-content\/uploads\/2024\/02\/logo_JCMF.png 621w, https:\/\/matematickyklokan.upol.cz\/wp-content\/uploads\/2024\/02\/logo_JCMF-300x130.png 300w\" sizes=\"auto, (max-width: 255px) 100vw, 255px\" \/><img loading=\"lazy\" decoding=\"async\" class=\"alignnone wp-image-161\" src=\"https:\/\/matematickyklokan.upol.cz\/wp-content\/uploads\/2024\/02\/logo_UP.png\" alt=\"\" width=\"288\" height=\"100\" srcset=\"https:\/\/matematickyklokan.upol.cz\/wp-content\/uploads\/2024\/02\/logo_UP.png 915w, https:\/\/matematickyklokan.upol.cz\/wp-content\/uploads\/2024\/02\/logo_UP-300x104.png 300w, https:\/\/matematickyklokan.upol.cz\/wp-content\/uploads\/2024\/02\/logo_UP-768x267.png 768w\" sizes=\"auto, (max-width: 288px) 100vw, 288px\" \/><img loading=\"lazy\" decoding=\"async\" class=\"alignnone wp-image-664\" src=\"https:\/\/matematickyklokan.upol.cz\/wp-content\/uploads\/2025\/01\/msmt.jpg\" alt=\"\" width=\"200\" height=\"100\" srcset=\"https:\/\/matematickyklokan.upol.cz\/wp-content\/uploads\/2025\/01\/msmt.jpg 653w, https:\/\/matematickyklokan.upol.cz\/wp-content\/uploads\/2025\/01\/msmt-300x150.jpg 300w\" sizes=\"auto, (max-width: 200px) 100vw, 200px\" \/><\/p>\n<p style=\"text-align: center;\"><img loading=\"lazy\" decoding=\"async\" class=\"alignnone wp-image-160\" src=\"https:\/\/matematickyklokan.upol.cz\/wp-content\/uploads\/2024\/02\/logo_RSJ.png\" alt=\"\" width=\"248\" height=\"89\" srcset=\"https:\/\/matematickyklokan.upol.cz\/wp-content\/uploads\/2024\/02\/logo_RSJ.png 3945w, https:\/\/matematickyklokan.upol.cz\/wp-content\/uploads\/2024\/02\/logo_RSJ-300x108.png 300w, https:\/\/matematickyklokan.upol.cz\/wp-content\/uploads\/2024\/02\/logo_RSJ-1024x368.png 1024w, https:\/\/matematickyklokan.upol.cz\/wp-content\/uploads\/2024\/02\/logo_RSJ-768x276.png 768w, https:\/\/matematickyklokan.upol.cz\/wp-content\/uploads\/2024\/02\/logo_RSJ-1536x552.png 1536w, https:\/\/matematickyklokan.upol.cz\/wp-content\/uploads\/2024\/02\/logo_RSJ-2048x736.png 2048w\" sizes=\"auto, (max-width: 248px) 100vw, 248px\" \/><\/p>\n","protected":false},"excerpt":{"rendered":"<p>Mezin\u00e1rodn\u011b koordinovan\u00e1 sout\u011b\u017e\u00a0Matematick\u00fd klokan\u00a0byla vytvo\u0159ena podle obdobn\u00e9 sout\u011b\u017ee, kter\u00e1 byla v\u00a0osmdes\u00e1t\u00fdch letech minul\u00e9ho stolet\u00ed po\u0159\u00e1d\u00e1na v\u00a0Austr\u00e1lii. Od roku 1991, kdy se konal prvn\u00ed ro\u010dn\u00edk ve Francii, se roz\u0161\u00ed\u0159ila do zem\u00ed Evropy a postupn\u011b i na dal\u0161\u00ed kontinenty. V roce 2016 se ji\u017e t\u00e9to sout\u011b\u017ee \u00fa\u010dastnilo p\u0159es 6 milion\u016f sout\u011b\u017e\u00edc\u00edch z v\u00edce ne\u017e 60 zem\u00ed cel\u00e9ho <a class=\"more-link\" href=\"https:\/\/matematickyklokan.upol.cz\/?page_id=27\">\u010c\u00edst v\u00edce&#8230;<\/a><\/p>\n","protected":false},"author":1,"featured_media":0,"parent":0,"menu_order":0,"comment_status":"closed","ping_status":"closed","template":"","meta":{"footnotes":""},"class_list":["post-27","page","type-page","status-publish","hentry"],"_links":{"self":[{"href":"https:\/\/matematickyklokan.upol.cz\/index.php?rest_route=\/wp\/v2\/pages\/27","targetHints":{"allow":["GET"]}}],"collection":[{"href":"https:\/\/matematickyklokan.upol.cz\/index.php?rest_route=\/wp\/v2\/pages"}],"about":[{"href":"https:\/\/matematickyklokan.upol.cz\/index.php?rest_route=\/wp\/v2\/types\/page"}],"author":[{"embeddable":true,"href":"https:\/\/matematickyklokan.upol.cz\/index.php?rest_route=\/wp\/v2\/users\/1"}],"replies":[{"embeddable":true,"href":"https:\/\/matematickyklokan.upol.cz\/index.php?rest_route=%2Fwp%2Fv2%2Fcomments&post=27"}],"version-history":[{"count":52,"href":"https:\/\/matematickyklokan.upol.cz\/index.php?rest_route=\/wp\/v2\/pages\/27\/revisions"}],"predecessor-version":[{"id":708,"href":"https:\/\/matematickyklokan.upol.cz\/index.php?rest_route=\/wp\/v2\/pages\/27\/revisions\/708"}],"wp:attachment":[{"href":"https:\/\/matematickyklokan.upol.cz\/index.php?rest_route=%2Fwp%2Fv2%2Fmedia&parent=27"}],"curies":[{"name":"wp","href":"https:\/\/api.w.org\/{rel}","templated":true}]}}