{"id":17,"date":"2024-02-14T15:43:43","date_gmt":"2024-02-14T14:43:43","guid":{"rendered":"https:\/\/matematickyklokan.upol.cz\/?page_id=17"},"modified":"2026-03-02T20:35:17","modified_gmt":"2026-03-02T19:35:17","slug":"home","status":"publish","type":"page","link":"https:\/\/matematickyklokan.upol.cz\/","title":{"rendered":"Home"},"content":{"rendered":"\r\n<p style=\"font-size: 20px;\"><strong>Zem\u011b zapojen\u00e9 do sout\u011b\u017ee Matematick\u00fd klokan<\/strong><\/p>\r\n\r\n\r\n\r\n<p><img loading=\"lazy\" decoding=\"async\" class=\"size-full wp-image-602 aligncenter\" src=\"https:\/\/matematickyklokan.upol.cz\/wp-content\/uploads\/2026\/03\/MembersMap-scaled.png\" alt=\"\" width=\"9086\" height=\"4503\" \/><\/p>\r\n<p style=\"text-align: right;\"><span style=\"font-size: 16px;\">Zdroj:\u00a0<\/span><strong style=\"font-size: 16px;\">aksf.org<br \/><img loading=\"lazy\" decoding=\"async\" class=\"alignnone  wp-image-288\" src=\"https:\/\/matematickyklokan.upol.cz\/wp-content\/uploads\/2024\/02\/logo_AKSF-300x300.png\" alt=\"\" width=\"67\" height=\"67\" srcset=\"https:\/\/matematickyklokan.upol.cz\/wp-content\/uploads\/2024\/02\/logo_AKSF-300x300.png 300w, https:\/\/matematickyklokan.upol.cz\/wp-content\/uploads\/2024\/02\/logo_AKSF-150x150.png 150w, https:\/\/matematickyklokan.upol.cz\/wp-content\/uploads\/2024\/02\/logo_AKSF.png 414w\" sizes=\"auto, (max-width: 67px) 100vw, 67px\" \/><br \/><\/strong><\/p>\r\n\r\n\r\n","protected":false},"excerpt":{"rendered":"<p>Zem\u011b zapojen\u00e9 do sout\u011b\u017ee Matematick\u00fd klokan<\/p>\n","protected":false},"author":1,"featured_media":0,"parent":0,"menu_order":0,"comment_status":"closed","ping_status":"closed","template":"","meta":{"footnotes":""},"class_list":["post-17","page","type-page","status-publish","hentry"],"_links":{"self":[{"href":"https:\/\/matematickyklokan.upol.cz\/index.php?rest_route=\/wp\/v2\/pages\/17","targetHints":{"allow":["GET"]}}],"collection":[{"href":"https:\/\/matematickyklokan.upol.cz\/index.php?rest_route=\/wp\/v2\/pages"}],"about":[{"href":"https:\/\/matematickyklokan.upol.cz\/index.php?rest_route=\/wp\/v2\/types\/page"}],"author":[{"embeddable":true,"href":"https:\/\/matematickyklokan.upol.cz\/index.php?rest_route=\/wp\/v2\/users\/1"}],"replies":[{"embeddable":true,"href":"https:\/\/matematickyklokan.upol.cz\/index.php?rest_route=%2Fwp%2Fv2%2Fcomments&post=17"}],"version-history":[{"count":19,"href":"https:\/\/matematickyklokan.upol.cz\/index.php?rest_route=\/wp\/v2\/pages\/17\/revisions"}],"predecessor-version":[{"id":970,"href":"https:\/\/matematickyklokan.upol.cz\/index.php?rest_route=\/wp\/v2\/pages\/17\/revisions\/970"}],"wp:attachment":[{"href":"https:\/\/matematickyklokan.upol.cz\/index.php?rest_route=%2Fwp%2Fv2%2Fmedia&parent=17"}],"curies":[{"name":"wp","href":"https:\/\/api.w.org\/{rel}","templated":true}]}}